{"id":29,"date":"2016-09-17T22:11:07","date_gmt":"2016-09-17T22:11:07","guid":{"rendered":"https:\/\/eltenderetecabranes.wordpress.com\/?page_id=29"},"modified":"2022-04-05T10:27:12","modified_gmt":"2022-04-05T10:27:12","slug":"el-mercau","status":"publish","type":"page","link":"https:\/\/eltenderete.org\/?page_id=29","title":{"rendered":"El Mercau"},"content":{"rendered":"<p>\u00danete a esta Red Social de colaboraci\u00f3n, donde crear una verdadera relaci\u00f3n con tu entorno m\u00e1s cercano.<\/p>\n<p>El Tenderete es un punto de encuentro donde dispones de un d\u00eda al mes para compartir tu tiempo, tu ocio y tus saberes, desprenderte de aquellas cosas que ya no necesitas, mostrar tus habilidades, o dar con aquello que hace mucho tiempo andabas buscando. Y tambi\u00e9n para conocer a nuestros artesanos que nos ofrecen una amplia gama de productos de gran nivel, calidad y cuidada elaboraci\u00f3n.<\/p>\n","protected":false},"excerpt":{"rendered":"<p>\u00danete a esta Red Social de colaboraci\u00f3n, donde crear una verdadera relaci\u00f3n con tu entorno m\u00e1s cercano. El Tenderete es un punto de encuentro donde dispones de un d\u00eda al mes para compartir tu tiempo, tu ocio y tus saberes, desprenderte de aquellas cosas que ya no necesitas, mostrar tus habilidades, o dar con aquello [&hellip;]<\/p>\n","protected":false},"author":1,"featured_media":173,"parent":0,"menu_order":0,"comment_status":"closed","ping_status":"closed","template":"template-fullwidth.php","meta":{"footnotes":""},"class_list":["post-29","page","type-page","status-publish","has-post-thumbnail","hentry","post-preview"],"jetpack_sharing_enabled":true,"jetpack_likes_enabled":true,"jetpack-related-posts":[],"_links":{"self":[{"href":"https:\/\/eltenderete.org\/index.php?rest_route=\/wp\/v2\/pages\/29","targetHints":{"allow":["GET"]}}],"collection":[{"href":"https:\/\/eltenderete.org\/index.php?rest_route=\/wp\/v2\/pages"}],"about":[{"href":"https:\/\/eltenderete.org\/index.php?rest_route=\/wp\/v2\/types\/page"}],"author":[{"embeddable":true,"href":"https:\/\/eltenderete.org\/index.php?rest_route=\/wp\/v2\/users\/1"}],"replies":[{"embeddable":true,"href":"https:\/\/eltenderete.org\/index.php?rest_route=%2Fwp%2Fv2%2Fcomments&post=29"}],"version-history":[{"count":1,"href":"https:\/\/eltenderete.org\/index.php?rest_route=\/wp\/v2\/pages\/29\/revisions"}],"predecessor-version":[{"id":669,"href":"https:\/\/eltenderete.org\/index.php?rest_route=\/wp\/v2\/pages\/29\/revisions\/669"}],"wp:featuredmedia":[{"embeddable":true,"href":"https:\/\/eltenderete.org\/index.php?rest_route=\/"}],"wp:attachment":[{"href":"https:\/\/eltenderete.org\/index.php?rest_route=%2Fwp%2Fv2%2Fmedia&parent=29"}],"curies":[{"name":"wp","href":"https:\/\/api.w.org\/{rel}","templated":true}]}}